{"id":4411,"date":"2021-01-12T10:27:22","date_gmt":"2021-01-12T09:27:22","guid":{"rendered":"http:\/\/www.nellyweissenberger.de\/kunst\/?page_id=4411"},"modified":"2026-01-13T09:16:26","modified_gmt":"2026-01-13T08:16:26","slug":"impressum","status":"publish","type":"page","link":"http:\/\/www.nellyweissenberger.de\/kunst\/impressum\/","title":{"rendered":"Impressum"},"content":{"rendered":"<div id='av_section_1'  class='avia-section av-145nae-8704d5e8ef74b02ad45c8d244e3c2c8b main_color avia-section-huge avia-no-shadow  avia-builder-el-0  avia-builder-el-no-sibling  avia-bg-style-scroll container_wrap fullsize'  ><div class='container av-section-cont-open' ><main  role=\"main\" itemprop=\"mainContentOfPage\"  class='template-page content  av-content-full alpha units'><div class='post-entry post-entry-type-page post-entry-4411'><div class='entry-content-wrapper clearfix'>\n<section  class='av_textblock_section av-175vxm-b8b75dfb05a5d49bfcbbf7e0a0a7d72c '   itemscope=\"itemscope\" itemtype=\"https:\/\/schema.org\/CreativeWork\" ><div class='avia_textblock'  itemprop=\"text\" ><h1>Impressum<\/h1>\n<p class=\"paragraph_style_2\">Verantwortlich f\u00fcr den Inhalt: Nelly Weissenberger<br \/>\nTel: 0171 61 66 269<br \/>\nE-Mail: art@nellyweissenberger.de<\/p>\n<h3 class=\"paragraph_style_7\">Urheberrecht<\/h3>\n<p class=\"paragraph_style_8\">Falls nicht anders angegeben, unterliegen alle Seiten dieses Webangebotes dem Urheberrecht (Copyright). Dies gilt insbesondere f\u00fcr Texte, Bilder, Grafiken und Style-Dateien, einschlie\u00dflich deren Anordnung auf den Websites.<\/p>\n<p class=\"paragraph_style_8\">Eine Vervielf\u00e4ltigung oder Verwendung von Websites (oder von Teilen daraus) in anderen elektronischen oder gedruckten Publikationen und deren Ver\u00f6ffentlichung (auch im Internet) ist nur nach vorheriger Genehmigung gestattet.<\/p>\n<p class=\"paragraph_style_8\">Weiterhin k\u00f6nnen Bilder, Grafiken, Text- oder sonstige Dateien ganz oder teilweise dem Urheberrecht Dritter unterliegen.<\/p>\n<p class=\"paragraph_style_8\">Alle innerhalb des Internetangebotes genannten und ggf. durch Dritte gesch\u00fctzten Marken- und Warenzeichen unterliegen uneingeschr\u00e4nkt den Bestimmungen des jeweils g\u00fcltigen Kennzeichenrechts und den Besitzrechten der jeweiligen eingetragenen Eigent\u00fcmer. Allein aufgrund der blo\u00dfen Nennung in unserem Internetangebot ist nicht der Schluss zu ziehen, dass Markenzeichen nicht durch Rechte Dritter gesch\u00fctzt sind.<\/p>\n<h3 class=\"paragraph_style_7\">Haftungsausschluss<\/h3>\n<p class=\"paragraph_style_8\">Der Autor hat alle in seinem Bereich bereitgestellten Informationen nach bestem Wissen und Gewissen erarbeitet und gepr\u00fcft. Jedoch \u00fcbernimmt der Autor keinerlei Gew\u00e4hr f\u00fcr die Aktualit\u00e4t, Korrektheit, Vollst\u00e4ndigkeit oder Qualit\u00e4t der bereitgestellten Informationen. Haftungsanspr\u00fcche gegen den Autor, welche sich auf Sch\u00e4den materieller oder ideeller Art beziehen, die durch die Nutzung oder Nichtnutzung der dargebotenen Informationen bzw. durch die Nutzung fehlerhafter und unvollst\u00e4ndiger Informationen verursacht wurden, sind grunds\u00e4tzlich ausgeschlossen, sofern seitens des Autors kein nachweislich vors\u00e4tzliches oder grob fahrl\u00e4ssiges Verschulden vorliegt.<\/p>\n<p class=\"paragraph_style_8\">Alle Angebote sind freibleibend und unverbindlich. Der Autor beh\u00e4lt es sich ausdr\u00fccklich vor, Teile der Seiten oder das gesamte Angebot ohne gesonderte Ank\u00fcndigung zu ver\u00e4ndern, zu erg\u00e4nzen, zu l\u00f6schen oder die Ver\u00f6ffentlichung zeitweise oder endg\u00fcltig einzustellen.<\/p>\n<h3 class=\"paragraph_style_7\">Verweise und Links (Disclaimer)<\/h3>\n<p class=\"paragraph_style_8\">Bei direkten oder indirekten Verweisen auf fremde Websites (&#8222;Hyperlinks&#8220;), die au\u00dferhalb des Verantwortungsbereiches des Autors liegen, w\u00fcrde eine Haftungsverpflichtung ausschlie\u00dflich in dem Fall in Kraft treten, in dem der Autor von den Inhalten Kenntnis hat und es ihm technisch m\u00f6glich und zumutbar w\u00e4re, die Nutzung im Falle rechtswidriger Inhalte zu verhindern.<\/p>\n<p class=\"paragraph_style_8\">Der Autor erkl\u00e4rt hiermit ausdr\u00fccklich, dass zum Zeitpunkt der Linksetzung keine illegalen Inhalte auf den zu verlinkenden Seiten erkennbar waren. Auf die aktuelle und zuk\u00fcnftige Gestaltung, die Inhalte oder die Urheberschaft der gelinkten\/verkn\u00fcpften Seiten hat der Autor keinerlei Einfluss. Deshalb distanziert er sich hiermit ausdr\u00fccklich von allen Inhalten aller gelinkten\/verkn\u00fcpften Seiten, die nach der Linksetzung ver\u00e4ndert wurden. Diese Feststellung gilt f\u00fcr alle innerhalb des eigenen Internetangebotes gesetzten Links und Verweise sowie f\u00fcr Fremdeintr\u00e4ge in vom Autor eingerichteten G\u00e4steb\u00fcchern, Diskussionsforen und Mailinglisten. F\u00fcr illegale, fehlerhafte oder unvollst\u00e4ndige Inhalte und insbesondere f\u00fcr Sch\u00e4den, die aus der Nutzung oder Nichtnutzung solcherart dargebotener Informationen entstehen, haftet allein der Anbieter der Seite, auf welche verwiesen wurde, nicht derjenige, der \u00fcber Links auf die jeweilige Ver\u00f6ffentlichung lediglich verweist.<\/p>\n<hr \/>\n<h3>Bildangaben:<\/h3>\n<p>AdobeStock 75634104.jpeg (<span class=\"grey dove-text\">Bild an Wand \u00fcber Schreibtisch,<\/span> <span class=\"blue bleu-de-france-text\" data-t=\"detail-panel-content-author-name\"> <a class=\"blue bleu-de-france-text\" href=\"https:\/\/stock.adobe.com\/de\/contributor\/200576396\/robert-kneschke?load_type=author&amp;prev_url=detail\" target=\"_blank\" rel=\"noopener\">Robert Kneschke<\/a><\/span>)<br \/>\nAdobeStock_93830130.jpeg (<span class=\"grey dove-text\">Young man walking in the empty gallery, <\/span> <span class=\"blue bleu-de-france-text\" data-t=\"detail-panel-content-author-name\"> <a class=\"blue bleu-de-france-text\" href=\"https:\/\/stock.adobe.com\/de\/contributor\/203673351\/sfio-cracho?load_type=author&amp;prev_url=detail\" target=\"_blank\" rel=\"noopener\">SFIO CRACHO<\/a><\/span>)<br \/>\nAdobeStock_245598186.jpeg (<span class=\"grey dove-text\">blank picture frame \/ white canvas on vintage brick wall background, <\/span><span class=\"blue bleu-de-france-text\" data-t=\"detail-panel-content-author-name\"><a class=\"blue bleu-de-france-text\" href=\"https:\/\/stock.adobe.com\/de\/contributor\/205395408\/hanohiki?load_type=author&amp;prev_url=detail\" target=\"_blank\" rel=\"noopener\">hanohiki<\/a><\/span>)<\/p>\n<hr \/>\n<section class=\"av_textblock_section \">\n<div class=\"avia_textblock \">\n<h3>Konzept, Design, Umsetzung der Homepage<\/h3>\n<p>Designplanung Reiprich | Werbeagentur<br \/>\nHomepage: <a href=\"http:\/\/www.designplanung.com\" target=\"_blank\" rel=\"noopener\">www.designplanung.com<\/a><br \/>\nEventmodule: <a href=\"https:\/\/tourbahn.de\/rennsimulator-fahrsimulator-mieten\" target=\"_blank\" rel=\"noopener\">Fahrsimulatoren<\/a> |\u00a0<a href=\"https:\/\/miximo.de\/\" target=\"_blank\" rel=\"noopener\">Cocktailbars<\/a> | <a href=\"https:\/\/hochzeitsauto-leipzig.com\/\" target=\"_blank\" rel=\"noopener\">Hochzeitsoldtimer<\/a> | <a href=\"https:\/\/glitzerbus.de\" target=\"_blank\" rel=\"noopener\">Fotobus<\/a> | <a href=\"https:\/\/tourbahn.de\/\" target=\"_blank\" rel=\"noopener\">Autorennbahnen<\/a><\/p>\n<\/div>\n<\/section>\n<\/div><\/section>\n\n","protected":false},"excerpt":{"rendered":"","protected":false},"author":1,"featured_media":0,"parent":0,"menu_order":0,"comment_status":"closed","ping_status":"closed","template":"","meta":{"footnotes":""},"class_list":["post-4411","page","type-page","status-publish","hentry"],"yoast_head":"<!-- This site is optimized with the Yoast SEO plugin v26.7 - https:\/\/yoast.com\/wordpress\/plugins\/seo\/ -->\n<title>Impressum - Malerin Nelly Weissenberger<\/title>\n<meta name=\"robots\" content=\"index, follow, max-snippet:-1, max-image-preview:large, max-video-preview:-1\" \/>\n<link rel=\"canonical\" href=\"http:\/\/www.nellyweissenberger.de\/kunst\/impressum\/\" \/>\n<meta property=\"og:locale\" content=\"de_DE\" \/>\n<meta property=\"og:type\" content=\"article\" \/>\n<meta property=\"og:title\" content=\"Impressum - Malerin Nelly Weissenberger\" \/>\n<meta property=\"og:url\" content=\"http:\/\/www.nellyweissenberger.de\/kunst\/impressum\/\" \/>\n<meta property=\"og:site_name\" content=\"Malerin Nelly Weissenberger\" \/>\n<meta property=\"article:modified_time\" content=\"2026-01-13T08:16:26+00:00\" \/>\n<meta name=\"twitter:card\" content=\"summary_large_image\" \/>\n<meta name=\"twitter:label1\" content=\"Gesch\u00e4tzte Lesezeit\" \/>\n\t<meta name=\"twitter:data1\" content=\"3\u00a0Minuten\" \/>\n<script type=\"application\/ld+json\" class=\"yoast-schema-graph\">{\"@context\":\"https:\/\/schema.org\",\"@graph\":[{\"@type\":\"WebPage\",\"@id\":\"http:\/\/www.nellyweissenberger.de\/kunst\/impressum\/\",\"url\":\"http:\/\/www.nellyweissenberger.de\/kunst\/impressum\/\",\"name\":\"Impressum - Malerin Nelly Weissenberger\",\"isPartOf\":{\"@id\":\"http:\/\/www.nellyweissenberger.de\/kunst\/#website\"},\"datePublished\":\"2021-01-12T09:27:22+00:00\",\"dateModified\":\"2026-01-13T08:16:26+00:00\",\"breadcrumb\":{\"@id\":\"http:\/\/www.nellyweissenberger.de\/kunst\/impressum\/#breadcrumb\"},\"inLanguage\":\"de\",\"potentialAction\":[{\"@type\":\"ReadAction\",\"target\":[\"http:\/\/www.nellyweissenberger.de\/kunst\/impressum\/\"]}]},{\"@type\":\"BreadcrumbList\",\"@id\":\"http:\/\/www.nellyweissenberger.de\/kunst\/impressum\/#breadcrumb\",\"itemListElement\":[{\"@type\":\"ListItem\",\"position\":1,\"name\":\"Start\",\"item\":\"http:\/\/www.nellyweissenberger.de\/kunst\/\"},{\"@type\":\"ListItem\",\"position\":2,\"name\":\"Impressum\"}]},{\"@type\":\"WebSite\",\"@id\":\"http:\/\/www.nellyweissenberger.de\/kunst\/#website\",\"url\":\"http:\/\/www.nellyweissenberger.de\/kunst\/\",\"name\":\"Malerin Nelly Weissenberger\",\"description\":\"Malerei und Kunst aus M\u00fcnchen\",\"potentialAction\":[{\"@type\":\"SearchAction\",\"target\":{\"@type\":\"EntryPoint\",\"urlTemplate\":\"http:\/\/www.nellyweissenberger.de\/kunst\/?s={search_term_string}\"},\"query-input\":{\"@type\":\"PropertyValueSpecification\",\"valueRequired\":true,\"valueName\":\"search_term_string\"}}],\"inLanguage\":\"de\"}]}<\/script>\n<!-- \/ Yoast SEO plugin. -->","yoast_head_json":{"title":"Impressum - Malerin Nelly Weissenberger","robots":{"index":"index","follow":"follow","max-snippet":"max-snippet:-1","max-image-preview":"max-image-preview:large","max-video-preview":"max-video-preview:-1"},"canonical":"http:\/\/www.nellyweissenberger.de\/kunst\/impressum\/","og_locale":"de_DE","og_type":"article","og_title":"Impressum - Malerin Nelly Weissenberger","og_url":"http:\/\/www.nellyweissenberger.de\/kunst\/impressum\/","og_site_name":"Malerin Nelly Weissenberger","article_modified_time":"2026-01-13T08:16:26+00:00","twitter_card":"summary_large_image","twitter_misc":{"Gesch\u00e4tzte Lesezeit":"3\u00a0Minuten"},"schema":{"@context":"https:\/\/schema.org","@graph":[{"@type":"WebPage","@id":"http:\/\/www.nellyweissenberger.de\/kunst\/impressum\/","url":"http:\/\/www.nellyweissenberger.de\/kunst\/impressum\/","name":"Impressum - Malerin Nelly Weissenberger","isPartOf":{"@id":"http:\/\/www.nellyweissenberger.de\/kunst\/#website"},"datePublished":"2021-01-12T09:27:22+00:00","dateModified":"2026-01-13T08:16:26+00:00","breadcrumb":{"@id":"http:\/\/www.nellyweissenberger.de\/kunst\/impressum\/#breadcrumb"},"inLanguage":"de","potentialAction":[{"@type":"ReadAction","target":["http:\/\/www.nellyweissenberger.de\/kunst\/impressum\/"]}]},{"@type":"BreadcrumbList","@id":"http:\/\/www.nellyweissenberger.de\/kunst\/impressum\/#breadcrumb","itemListElement":[{"@type":"ListItem","position":1,"name":"Start","item":"http:\/\/www.nellyweissenberger.de\/kunst\/"},{"@type":"ListItem","position":2,"name":"Impressum"}]},{"@type":"WebSite","@id":"http:\/\/www.nellyweissenberger.de\/kunst\/#website","url":"http:\/\/www.nellyweissenberger.de\/kunst\/","name":"Malerin Nelly Weissenberger","description":"Malerei und Kunst aus M\u00fcnchen","potentialAction":[{"@type":"SearchAction","target":{"@type":"EntryPoint","urlTemplate":"http:\/\/www.nellyweissenberger.de\/kunst\/?s={search_term_string}"},"query-input":{"@type":"PropertyValueSpecification","valueRequired":true,"valueName":"search_term_string"}}],"inLanguage":"de"}]}},"_links":{"self":[{"href":"http:\/\/www.nellyweissenberger.de\/kunst\/wp-json\/wp\/v2\/pages\/4411","targetHints":{"allow":["GET"]}}],"collection":[{"href":"http:\/\/www.nellyweissenberger.de\/kunst\/wp-json\/wp\/v2\/pages"}],"about":[{"href":"http:\/\/www.nellyweissenberger.de\/kunst\/wp-json\/wp\/v2\/types\/page"}],"author":[{"embeddable":true,"href":"http:\/\/www.nellyweissenberger.de\/kunst\/wp-json\/wp\/v2\/users\/1"}],"replies":[{"embeddable":true,"href":"http:\/\/www.nellyweissenberger.de\/kunst\/wp-json\/wp\/v2\/comments?post=4411"}],"version-history":[{"count":11,"href":"http:\/\/www.nellyweissenberger.de\/kunst\/wp-json\/wp\/v2\/pages\/4411\/revisions"}],"predecessor-version":[{"id":6655,"href":"http:\/\/www.nellyweissenberger.de\/kunst\/wp-json\/wp\/v2\/pages\/4411\/revisions\/6655"}],"wp:attachment":[{"href":"http:\/\/www.nellyweissenberger.de\/kunst\/wp-json\/wp\/v2\/media?parent=4411"}],"curies":[{"name":"wp","href":"https:\/\/api.w.org\/{rel}","templated":true}]}}